{"id":16962,"date":"2023-12-08T17:59:57","date_gmt":"2023-12-08T16:59:57","guid":{"rendered":"https:\/\/www.auragraph-paris.com\/?page_id=16962"},"modified":"2024-12-05T06:18:57","modified_gmt":"2024-12-05T05:18:57","slug":"mentions-legales","status":"publish","type":"page","link":"https:\/\/www.auragraph-paris.com\/en\/mentions-legales\/","title":{"rendered":"Mentions L\u00e9gales"},"content":{"rendered":"<div data-elementor-type=\"wp-page\" data-elementor-id=\"16962\" class=\"elementor elementor-16962\">\n\t\t\t\t<div class=\"elementor-element elementor-element-3368a2c e-flex e-con-boxed lakit-col-width-auto-no e-container e-root-container elementor-top-section e-con e-parent\" data-id=\"3368a2c\" data-element_type=\"container\" data-e-type=\"container\">\n\t\t\t\t\t<div class=\"e-con-inner\">\n\t\t\t\t<div class=\"elementor-element elementor-element-61c0ba7 elementor-widget elementor-widget-text-editor\" data-id=\"61c0ba7\" data-element_type=\"widget\" data-e-type=\"widget\" data-widget_type=\"text-editor.default\">\n\t\t\t\t<div class=\"elementor-widget-container\">\n\t\t\t\t\t\t\t\t\t<h2>Website Publisher\u00a0<\/h2><hr \/><p>The company Groff Claire, trading under the business name AURAGRAPH, a sole proprietorship with a share capital of 1,000 (one thousand) euros, registered with the RCS of Versailles under the number 947813051, whose registered office is located at 1 rue Henri IV \u2013 78100 St Germain-en-Laye, and whose primary activity is the online sale of jewelry.<\/p><p>Email address: <a href=\"mailto:contact@auragraph-paris.com\">contact@auragraph-paris.com<\/a><\/p><h2>Publication Director<\/h2><hr \/><p>Madame Claire God\u00e9-Groff<\/p><p>AURAGRAPH<br \/>1, rue Henri IV,<br \/>78100 Saint Germain-en-Laye<\/p><h2>Design, Conception, and Development<\/h2><hr \/><p>The Website was designed, developed, and is hosted by the company Vertuelle, whose registered office is located at 29 Boulevard de la Ferrage - 06400 Cannes.<\/p><p>Website: <a href=\"http:\/\/www.vertuelle.com\">www.vertuelle.com<\/a><\/p><p>Adresse email : <a href=\"mailto:bonjour@vertuelle.com\">bonjour@vertuelle.com<\/a><\/p><h2>Intellectual Property<\/h2><hr \/><p>All elements and data on the Website (illustrations, photographs, texts, descriptions, product names, trademarks, among others) are the exclusive property of Auragraph and are protected by intellectual property law.\u00a0<\/p><p>The European Union trademark \"Auragraph\" is registered under the number 018818518.<\/p><p>Therefore, neither the Website nor its Content may be copied, reproduced, modified, republished, downloaded, posted, adapted, transmitted, distributed, or used in any manner, in whole or in part, without our prior written permission.<\/p><p>Such use would constitute an act of infringement and would engage the responsibility of its author.<\/p><h2>Protection of Personal Data and Cookie Management<\/h2><hr \/><p>For more information on the privacy policy of the Auragraph website, we invite you to consult the dedicated page: <a href=\"https:\/\/www.auragraph-paris.com\/en\/politique-de-confidentialite-et-cookies\/\">here<\/a>.\u00a0<\/p><p><!-- \/wp:paragraph --><\/p>\t\t\t\t\t\t\t\t<\/div>\n\t\t\t\t<\/div>\n\t\t\t\t\t<\/div>\n\t\t\t\t<\/div>\n\t\t\t\t<\/div>","protected":false},"excerpt":{"rendered":"<p>Editeur du Site\u00a0 La soci\u00e9t\u00e9 Groff Claire r\u00e9pondant au nom commercial AURAGRAPH, entrepreneur individuel au capital social de 1\u00a0000 (mille) euros, enregistr\u00e9e au RCS de Versailles sous le num\u00e9ro 947813051, dont le si\u00e8ge social est situ\u00e9 1 rue Henri IV \u2013 78100 St Germain-en-Laye et dont l\u2019activit\u00e9 principale est la vente&hellip;<\/p>","protected":false},"author":1,"featured_media":0,"parent":0,"menu_order":0,"comment_status":"closed","ping_status":"closed","template":"","meta":{"_acf_changed":false,"footnotes":""},"class_list":["post-16962","page","type-page","status-publish","hentry"],"acf":[],"_links":{"self":[{"href":"https:\/\/www.auragraph-paris.com\/en\/wp-json\/wp\/v2\/pages\/16962","targetHints":{"allow":["GET"]}}],"collection":[{"href":"https:\/\/www.auragraph-paris.com\/en\/wp-json\/wp\/v2\/pages"}],"about":[{"href":"https:\/\/www.auragraph-paris.com\/en\/wp-json\/wp\/v2\/types\/page"}],"author":[{"embeddable":true,"href":"https:\/\/www.auragraph-paris.com\/en\/wp-json\/wp\/v2\/users\/1"}],"replies":[{"embeddable":true,"href":"https:\/\/www.auragraph-paris.com\/en\/wp-json\/wp\/v2\/comments?post=16962"}],"version-history":[{"count":15,"href":"https:\/\/www.auragraph-paris.com\/en\/wp-json\/wp\/v2\/pages\/16962\/revisions"}],"predecessor-version":[{"id":19170,"href":"https:\/\/www.auragraph-paris.com\/en\/wp-json\/wp\/v2\/pages\/16962\/revisions\/19170"}],"wp:attachment":[{"href":"https:\/\/www.auragraph-paris.com\/en\/wp-json\/wp\/v2\/media?parent=16962"}],"curies":[{"name":"wp","href":"https:\/\/api.w.org\/{rel}","templated":true}]}}