{"id":17526,"date":"2024-07-08T17:25:00","date_gmt":"2024-07-08T15:25:00","guid":{"rendered":"https:\/\/www.auragraph-paris.com\/?page_id=17526"},"modified":"2025-06-03T11:32:56","modified_gmt":"2025-06-03T09:32:56","slug":"auradiance","status":"publish","type":"page","link":"https:\/\/www.auragraph-paris.com\/en\/auradiance\/","title":{"rendered":"Auradiance"},"content":{"rendered":"<div data-elementor-type=\"wp-page\" data-elementor-id=\"17526\" class=\"elementor elementor-17526\">\n\t\t\t\t<div class=\"elementor-element elementor-element-1da763bb animated-slow e-flex e-con-boxed lakit-col-width-auto-no elementor-invisible e-container e-root-container elementor-top-section e-con e-parent\" data-id=\"1da763bb\" data-element_type=\"container\" data-e-type=\"container\" data-settings=\"{&quot;background_background&quot;:&quot;gradient&quot;,&quot;animation&quot;:&quot;fadeIn&quot;}\">\n\t\t\t\t\t<div class=\"e-con-inner\">\n\t\t\t\t\t<\/div>\n\t\t\t\t<\/div>\n\t\t<div class=\"elementor-element elementor-element-7591b4df e-flex e-con-boxed lakit-col-width-auto-no e-container e-root-container elementor-top-section e-con e-parent\" data-id=\"7591b4df\" data-element_type=\"container\" data-e-type=\"container\">\n\t\t\t\t\t<div class=\"e-con-inner\">\n\t\t<div class=\"elementor-element elementor-element-2529b9d1 e-con-full e-flex lakit-col-width-auto-no elementor-invisible e-container e-con e-child\" data-id=\"2529b9d1\" data-element_type=\"container\" data-e-type=\"container\" data-settings=\"{&quot;animation&quot;:&quot;lakitShortFadeInUp&quot;}\">\n\t\t<div class=\"elementor-element elementor-element-53d7c5fe e-flex e-con-boxed lakit-col-width-auto-no e-container e-con e-child\" data-id=\"53d7c5fe\" data-element_type=\"container\" data-e-type=\"container\">\n\t\t\t\t\t<div class=\"e-con-inner\">\n\t\t\t\t<div class=\"elementor-element elementor-element-4b108cd4 elementor-widget__width-initial elementor-widget elementor-widget-heading\" data-id=\"4b108cd4\" data-element_type=\"widget\" data-e-type=\"widget\" data-widget_type=\"heading.default\">\n\t\t\t\t<div class=\"elementor-widget-container\">\n\t\t\t\t\t<div class=\"elementor-heading-title elementor-size-default\">Chromatic experience<\/div>\t\t\t\t<\/div>\n\t\t\t\t<\/div>\n\t\t\t\t<div class=\"elementor-element elementor-element-3247eca elementor-widget__width-initial elementor-widget elementor-widget-heading\" data-id=\"3247eca\" data-element_type=\"widget\" data-e-type=\"widget\" data-widget_type=\"heading.default\">\n\t\t\t\t<div class=\"elementor-widget-container\">\n\t\t\t\t\t<h2 class=\"elementor-heading-title elementor-size-default\">Auradiance<\/h2>\t\t\t\t<\/div>\n\t\t\t\t<\/div>\n\t\t\t\t\t<\/div>\n\t\t\t\t<\/div>\n\t\t\t\t<div class=\"elementor-element elementor-element-45ce9bd0 elementor-widget__width-initial elementor-widget-divider--view-line elementor-widget elementor-widget-divider\" data-id=\"45ce9bd0\" data-element_type=\"widget\" data-e-type=\"widget\" data-widget_type=\"divider.default\">\n\t\t\t\t<div class=\"elementor-widget-container\">\n\t\t\t\t\t\t\t<div class=\"elementor-divider\">\n\t\t\t<span class=\"elementor-divider-separator\">\n\t\t\t\t\t\t<\/span>\n\t\t<\/div>\n\t\t\t\t\t\t<\/div>\n\t\t\t\t<\/div>\n\t\t\t\t<div class=\"elementor-element elementor-element-59c6511 elementor-widget__width-initial elementor-widget elementor-widget-text-editor\" data-id=\"59c6511\" data-element_type=\"widget\" data-e-type=\"widget\" data-widget_type=\"text-editor.default\">\n\t\t\t\t<div class=\"elementor-widget-container\">\n\t\t\t\t\t\t\t\t\t<p>Grand diamond connection, with a palette of 3 stones and gold, our Auradiance creation guides you towards a bohemian, bold, exhilarating, and almost enchanting piece of jewelry.<\/p><p>The vibrant, living personalization you choose creates a dance, a rhythm, a landscape that, deep within you, brings joy, well-being, and fulfillment.<\/p><p>Auradiance is an intense and captivating adornment that makes you unique and stands out.<\/p>\t\t\t\t\t\t\t\t<\/div>\n\t\t\t\t<\/div>\n\t\t\t\t<\/div>\n\t\t\t\t\t<\/div>\n\t\t\t\t<\/div>\n\t\t<div class=\"elementor-element elementor-element-99e44f9 e-flex e-con-boxed lakit-col-width-auto-no e-container e-root-container elementor-top-section e-con e-parent\" data-id=\"99e44f9\" data-element_type=\"container\" data-e-type=\"container\" data-settings=\"{&quot;background_background&quot;:&quot;classic&quot;}\">\n\t\t\t\t\t<div class=\"e-con-inner\">\n\t\t<div class=\"elementor-element elementor-element-5860f94 e-con-full e-flex lakit-col-width-auto-no elementor-invisible e-container e-con e-child\" data-id=\"5860f94\" data-element_type=\"container\" data-e-type=\"container\" data-settings=\"{&quot;animation&quot;:&quot;lakitShortFadeInUp&quot;}\">\n\t\t\t\t<div class=\"elementor-element elementor-element-84e1349 elementor-widget elementor-widget-image\" data-id=\"84e1349\" data-element_type=\"widget\" data-e-type=\"widget\" data-widget_type=\"image.default\">\n\t\t\t\t<div class=\"elementor-widget-container\">\n\t\t\t\t\t\t\t\t\t\t\t\t\t\t\t\t<a href=\"https:\/\/www.auragraph-paris.com\/en\/shop\/collier-auradiance-experience\/\">\n\t\t\t\t\t\t\t<img fetchpriority=\"high\" decoding=\"async\" width=\"780\" height=\"780\" src=\"https:\/\/www.auragraph-paris.com\/wp-content\/uploads\/produit-auradiance-1-3.gif\" class=\"attachment-large size-large wp-image-18520\" alt=\"\" srcset=\"https:\/\/www.auragraph-paris.com\/wp-content\/uploads\/produit-auradiance-1-3.gif 780w, https:\/\/www.auragraph-paris.com\/wp-content\/uploads\/produit-auradiance-1-3-100x100.gif 100w\" sizes=\"(max-width: 780px) 100vw, 780px\" \/>\t\t\t\t\t\t\t\t<\/a>\n\t\t\t\t\t\t\t\t\t\t\t\t\t\t\t<\/div>\n\t\t\t\t<\/div>\n\t\t\t\t<\/div>\n\t\t<div class=\"elementor-element elementor-element-1a9c00f e-con-full e-flex lakit-col-width-auto-no elementor-invisible e-container e-con e-child\" data-id=\"1a9c00f\" data-element_type=\"container\" data-e-type=\"container\" data-settings=\"{&quot;animation&quot;:&quot;lakitShortFadeInUp&quot;,&quot;animation_delay&quot;:200}\">\n\t\t\t\t<div class=\"elementor-element elementor-element-567715a elementor-widget__width-initial elementor-widget elementor-widget-heading\" data-id=\"567715a\" data-element_type=\"widget\" data-e-type=\"widget\" data-widget_type=\"heading.default\">\n\t\t\t\t<div class=\"elementor-widget-container\">\n\t\t\t\t\t<h2 class=\"elementor-heading-title elementor-size-default translation-block\">I create<br>my AURADIANCE<\/h2>\t\t\t\t<\/div>\n\t\t\t\t<\/div>\n\t\t\t\t<div class=\"elementor-element elementor-element-0a76368 elementor-widget__width-initial elementor-widget-divider--view-line elementor-widget elementor-widget-divider\" data-id=\"0a76368\" data-element_type=\"widget\" data-e-type=\"widget\" data-widget_type=\"divider.default\">\n\t\t\t\t<div class=\"elementor-widget-container\">\n\t\t\t\t\t\t\t<div class=\"elementor-divider\">\n\t\t\t<span class=\"elementor-divider-separator\">\n\t\t\t\t\t\t<\/span>\n\t\t<\/div>\n\t\t\t\t\t\t<\/div>\n\t\t\t\t<\/div>\n\t\t\t\t<div class=\"elementor-element elementor-element-91050cc elementor-widget__width-initial elementor-widget elementor-widget-text-editor\" data-id=\"91050cc\" data-element_type=\"widget\" data-e-type=\"widget\" data-widget_type=\"text-editor.default\">\n\t\t\t\t<div class=\"elementor-widget-container\">\n\t\t\t\t\t\t\t\t\t<p>This collection offers you a unique vibrational key that truly combines three keys and is expressed in THE grand diamond connection. It embodies such a strong and complete energy that, beyond words, it is its magnetism that attracts and captivates you above all.<\/p><p class=\"translation-block\">Continue the experience, the journey toward <b>your<\/b> creation. Charismatic, it is a true contemporary talisman that your choice of Moods will make even more magnificent and powerful.<\/p>\t\t\t\t\t\t\t\t<\/div>\n\t\t\t\t<\/div>\n\t\t\t\t<div class=\"elementor-element elementor-element-cb7a9c3 elementor-icon-list--layout-traditional elementor-list-item-link-full_width elementor-widget elementor-widget-icon-list\" data-id=\"cb7a9c3\" data-element_type=\"widget\" data-e-type=\"widget\" data-widget_type=\"icon-list.default\">\n\t\t\t\t<div class=\"elementor-widget-container\">\n\t\t\t\t\t\t\t<ul class=\"elementor-icon-list-items\">\n\t\t\t\t\t\t\t<li class=\"elementor-icon-list-item\">\n\t\t\t\t\t\t\t\t\t\t\t<span class=\"elementor-icon-list-icon\">\n\t\t\t\t\t\t\t<svg xmlns=\"http:\/\/www.w3.org\/2000\/svg\" width=\"1024\" height=\"1024\" viewbox=\"0 0 1024 1024\" class=\"lakit-font-icon-svg\" data-icon-name=\"ui-1_preferences-circle\" data-icon-type=\"dlicon\"><path d=\"M992 128H544c-17.664 0-32 14.336-32 32s14.336 32 32 32h448c17.664 0 32-14.336 32-32s-14.336-32-32-32zM0 160c0 17.664 14.336 32 32 32h99.232c14.88 72.928 79.52 128 156.768 128 88.224 0 160-71.776 160-160S376.224 0 288 0c-77.248 0-141.888 55.072-156.768 128H32c-17.664 0-32 14.336-32 32zm288-96c52.928 0 96 43.072 96 96s-43.072 96-96 96-96-43.072-96-96 43.072-96 96-96zm704 416h-96c-17.664 0-32 14.336-32 32s14.336 32 32 32h96c17.664 0 32-14.336 32-32s-14.336-32-32-32zM32 544h451.232C498.112 616.928 562.72 672 640 672c88.224 0 160-71.776 160-160s-71.776-160-160-160c-77.248 0-141.888 55.072-156.768 128H32c-17.664 0-32 14.336-32 32s14.336 32 32 32zm608-128c52.928 0 96 43.072 96 96s-43.072 96-96 96-96-43.072-96-96 43.072-96 96-96zm352 416H544c-17.664 0-32 14.336-32 32s14.336 32 32 32h448c17.664 0 32-14.336 32-32s-14.336-32-32-32zM32 896h99.232c14.88 72.928 79.52 128 156.768 128 88.224 0 160-71.776 160-160s-71.776-160-160-160c-77.248 0-141.888 55.072-156.768 128H32c-17.664 0-32 14.336-32 32s14.336 32 32 32zm256-128c52.928 0 96 43.072 96 96s-43.072 96-96 96-96-43.072-96-96 43.072-96 96-96z\" fill=\"currentColor\"\/><\/svg>\t\t\t\t\t\t<\/span>\n\t\t\t\t\t\t\t\t\t\t<span class=\"elementor-icon-list-text\">Customisable product upon purchase<\/span>\n\t\t\t\t\t\t\t\t\t<\/li>\n\t\t\t\t\t\t\t\t<li class=\"elementor-icon-list-item\">\n\t\t\t\t\t\t\t\t\t\t\t<span class=\"elementor-icon-list-icon\">\n\t\t\t\t\t\t\t<svg xmlns=\"http:\/\/www.w3.org\/2000\/svg\" width=\"1024\" height=\"1024\" viewbox=\"0 0 1024 1024\" class=\"lakit-font-icon-svg\" data-icon-name=\"ui-1_settings-tool-67\" data-icon-type=\"dlicon\"><path d=\"M987.776 166.048c-10.784-2.656-22.24.64-30.08 8.512L851.232 281.024 742.976 172.768 849.44 66.304c7.872-7.872 11.104-19.296 8.512-30.08a32.074 32.074 0 0 0-21.248-22.976C792.512-1.024 746.88-3.776 701.152 5.024c-107.84 20.8-193.856 107.264-213.984 215.04-7.104 38.016-6.24 75.776 2.432 112.608L82.624 688c-37.504 32.576-60 79.68-61.76 129.312s17.408 98.208 52.512 133.312c33.632 33.632 79.616 52.608 127.072 52.608 2.08 0 4.16-.032 6.24-.096 49.632-1.76 96.736-24.256 129.248-61.696L691.328 534.4c36.768 8.672 74.528 9.504 112.416 2.464 107.744-20.032 194.208-105.92 215.168-213.696 8.928-45.92 6.176-91.584-8.16-135.872-3.424-10.592-12.128-18.624-22.976-21.248zm-31.68 144.928c-16 82.208-81.92 147.712-164.032 162.976-34.528 6.464-68.8 4.352-101.856-6.208-12.224-3.904-25.504-.192-33.856 9.44L287.68 899.424c-21.28 24.48-50.848 38.592-83.264 39.712-32.192 1.344-62.88-10.848-85.824-33.792S83.68 851.936 84.8 819.52s15.264-61.984 39.776-83.328l422.208-368.64a31.937 31.937 0 0 0 9.44-33.856c-10.56-33.056-12.672-67.328-6.176-101.984 15.328-82.176 80.896-148.064 163.168-163.968 13.376-2.56 26.752-3.872 40-3.872 2.624 0 5.248.064 7.872.16l-86.016 86.016c-12.512 12.512-12.512 32.736 0 45.248L828.576 348.8c12.512 12.512 32.736 12.512 45.248 0l86.016-86.016c.64 16.032-.608 32.096-3.744 48.192zM288 800c0 35.346-28.654 64-64 64s-64-28.654-64-64c0-35.346 28.654-64 64-64s64 28.654 64 64z\" fill=\"currentColor\"\/><\/svg>\t\t\t\t\t\t<\/span>\n\t\t\t\t\t\t\t\t\t\t<span class=\"elementor-icon-list-text\">Customisable product after purchase<\/span>\n\t\t\t\t\t\t\t\t\t<\/li>\n\t\t\t\t\t\t<\/ul>\n\t\t\t\t\t\t<\/div>\n\t\t\t\t<\/div>\n\t\t\t\t<div class=\"elementor-element elementor-element-0289ca8 elementor-widget elementor-widget-heading\" data-id=\"0289ca8\" data-element_type=\"widget\" data-e-type=\"widget\" data-widget_type=\"heading.default\">\n\t\t\t\t<div class=\"elementor-widget-container\">\n\t\t\t\t\t<h2 class=\"elementor-heading-title elementor-size-default\">12 625\u20ac <span style=\"font-size:60%\">VAT incl.<\/span><\/h2>\t\t\t\t<\/div>\n\t\t\t\t<\/div>\n\t\t\t\t<div class=\"elementor-element elementor-element-d7e963b elementor-align-left lakit-css-transform-yes elementor-widget elementor-widget-button\" data-id=\"d7e963b\" data-element_type=\"widget\" data-e-type=\"widget\" data-widget_type=\"button.default\">\n\t\t\t\t<div class=\"elementor-widget-container\">\n\t\t\t\t\t\t\t\t\t<div class=\"elementor-button-wrapper\">\n\t\t\t\t\t<a class=\"elementor-button elementor-button-link elementor-size-md\" href=\"https:\/\/www.auragraph-paris.com\/en\/shop\/collier-auradiance-experience\/\">\n\t\t\t\t\t\t<span class=\"elementor-button-content-wrapper\">\n\t\t\t\t\t\t<span class=\"elementor-button-icon\">\n\t\t\t\t<svg xmlns=\"http:\/\/www.w3.org\/2000\/svg\" width=\"300\" height=\"300\" viewbox=\"0 0 300 300\" class=\"lakit-font-icon-svg\" data-icon-name=\"arrow-right\" data-icon-type=\"LaStudioIcons\"><path d=\"M189.9 59.1l-6.3 6.6 37.2 37.5 37.5 37.5H18.9v18.6h239.4l-37.5 37.5-37.5 37.5 6.9 6.9 6.6 6.6 48.9-48.9 48.9-48.9-48.6-48.6c-26.7-26.7-48.9-48.6-49.2-48.6s-3.3 2.7-6.9 6.3\" fill=\"currentColor\"\/><\/svg>\t\t\t<\/span>\n\t\t\t\t\t\t\t\t\t<span class=\"elementor-button-text\">Discover<\/span>\n\t\t\t\t\t<\/span>\n\t\t\t\t\t<\/a>\n\t\t\t\t<\/div>\n\t\t\t\t\t\t\t\t<\/div>\n\t\t\t\t<\/div>\n\t\t\t\t<\/div>\n\t\t\t\t\t<\/div>\n\t\t\t\t<\/div>\n\t\t\t\t<\/div>","protected":false},"excerpt":{"rendered":"<p>Exp\u00e9rience chromatique Auradiance Grande reliance de diamants, palette de 3 pierres et d\u2019or, notre cr\u00e9ation Auradiance vous oriente vers un bijou boh\u00e8me, audacieux, exaltant, quasi-envo\u00fbtant. La personnalisation vibrante, vivante que vous choisissez fait na\u00eetre une danse, un rythme, un paysage qui, au fond de vous, procure joie, bien-\u00eatre, pl\u00e9nitude. Auradiance est&hellip;<\/p>","protected":false},"author":1,"featured_media":0,"parent":0,"menu_order":0,"comment_status":"closed","ping_status":"closed","template":"","meta":{"_acf_changed":false,"footnotes":""},"class_list":["post-17526","page","type-page","status-publish","hentry"],"acf":[],"_links":{"self":[{"href":"https:\/\/www.auragraph-paris.com\/en\/wp-json\/wp\/v2\/pages\/17526","targetHints":{"allow":["GET"]}}],"collection":[{"href":"https:\/\/www.auragraph-paris.com\/en\/wp-json\/wp\/v2\/pages"}],"about":[{"href":"https:\/\/www.auragraph-paris.com\/en\/wp-json\/wp\/v2\/types\/page"}],"author":[{"embeddable":true,"href":"https:\/\/www.auragraph-paris.com\/en\/wp-json\/wp\/v2\/users\/1"}],"replies":[{"embeddable":true,"href":"https:\/\/www.auragraph-paris.com\/en\/wp-json\/wp\/v2\/comments?post=17526"}],"version-history":[{"count":115,"href":"https:\/\/www.auragraph-paris.com\/en\/wp-json\/wp\/v2\/pages\/17526\/revisions"}],"predecessor-version":[{"id":19323,"href":"https:\/\/www.auragraph-paris.com\/en\/wp-json\/wp\/v2\/pages\/17526\/revisions\/19323"}],"wp:attachment":[{"href":"https:\/\/www.auragraph-paris.com\/en\/wp-json\/wp\/v2\/media?parent=17526"}],"curies":[{"name":"wp","href":"https:\/\/api.w.org\/{rel}","templated":true}]}}