{"id":18945,"date":"2024-11-19T15:49:57","date_gmt":"2024-11-19T14:49:57","guid":{"rendered":"https:\/\/www.auragraph-paris.com\/?page_id=18945"},"modified":"2024-11-22T16:58:28","modified_gmt":"2024-11-22T15:58:28","slug":"conseils-dentretien","status":"publish","type":"page","link":"https:\/\/www.auragraph-paris.com\/en\/conseils-dentretien\/","title":{"rendered":"Care Instructions"},"content":{"rendered":"<div data-elementor-type=\"wp-page\" data-elementor-id=\"18945\" class=\"elementor elementor-18945\">\n\t\t\t\t<div class=\"elementor-element elementor-element-3368a2c e-flex e-con-boxed lakit-col-width-auto-no e-container e-root-container elementor-top-section e-con e-parent\" data-id=\"3368a2c\" data-element_type=\"container\" data-e-type=\"container\">\n\t\t\t\t\t<div class=\"e-con-inner\">\n\t\t\t\t<div class=\"elementor-element elementor-element-61c0ba7 elementor-widget elementor-widget-text-editor\" data-id=\"61c0ba7\" data-element_type=\"widget\" data-e-type=\"widget\" data-widget_type=\"text-editor.default\">\n\t\t\t\t<div class=\"elementor-widget-container\">\n\t\t\t\t\t\t\t\t\t<p>Auragraph creations are jewelry pieces designed and crafted to withstand the test of time without any alteration. However, it is important to follow a few simple care and usage rules to avoid any risk:<\/p><h2>Care of Stones and Lacquer<\/h2><hr \/><p>Ensure that no chemicals, alcohol, creams, cosmetics, or perfumes are applied to your precious stones, ornamental stones, or lacquer to avoid dulling them or altering their color.<\/p><p>Even though all materials chosen by Auragraph are durable, they should not be exposed to water, whether fresh or saltwater. Exposure to heat, high temperatures, and repeated exposure can also slightly fade your ornamental stones or lacquer.<\/p><p>Finally, engaging in certain sports is not recommended while wearing Auragraph jewelry, as they could be bumped or become tangled.<\/p><h2>Cleaning<\/h2><hr \/><p>To maintain the brilliance of your Auragraph jewelry, we recommend occasionally using a microfiber or cotton cloth for ornamental stones or lacquer, and warm water with a soft toothbrush for precious stones.<\/p><h2>Storage<\/h2><hr \/><p>To take care of your jewelry when it is not being worn, we recommend storing it in individual pouches or at least separating them properly to prevent them from scratching, tangling, or bumping into each other.<\/p><p><!-- \/wp:paragraph --><\/p>\t\t\t\t\t\t\t\t<\/div>\n\t\t\t\t<\/div>\n\t\t\t\t\t<\/div>\n\t\t\t\t<\/div>\n\t\t\t\t<\/div>","protected":false},"excerpt":{"rendered":"<p>Les cr\u00e9ations Auragraph sont des pi\u00e8ces de joaillerie pens\u00e9es et fa\u00e7onn\u00e9es de mani\u00e8re \u00e0 traverser les ann\u00e9es sans aucune alt\u00e9ration. Il convient n\u00e9anmoins de suivre quelques r\u00e8gles simples d\u2019entretien et d\u2019utilisation pour ne prendre aucun risque : Le Soin des Pierres et de la Laque Veiller \u00e0 ne jamais mettre de&hellip;<\/p>","protected":false},"author":2,"featured_media":0,"parent":0,"menu_order":0,"comment_status":"closed","ping_status":"closed","template":"","meta":{"_acf_changed":false,"footnotes":""},"class_list":["post-18945","page","type-page","status-publish","hentry"],"acf":[],"_links":{"self":[{"href":"https:\/\/www.auragraph-paris.com\/en\/wp-json\/wp\/v2\/pages\/18945","targetHints":{"allow":["GET"]}}],"collection":[{"href":"https:\/\/www.auragraph-paris.com\/en\/wp-json\/wp\/v2\/pages"}],"about":[{"href":"https:\/\/www.auragraph-paris.com\/en\/wp-json\/wp\/v2\/types\/page"}],"author":[{"embeddable":true,"href":"https:\/\/www.auragraph-paris.com\/en\/wp-json\/wp\/v2\/users\/2"}],"replies":[{"embeddable":true,"href":"https:\/\/www.auragraph-paris.com\/en\/wp-json\/wp\/v2\/comments?post=18945"}],"version-history":[{"count":16,"href":"https:\/\/www.auragraph-paris.com\/en\/wp-json\/wp\/v2\/pages\/18945\/revisions"}],"predecessor-version":[{"id":19016,"href":"https:\/\/www.auragraph-paris.com\/en\/wp-json\/wp\/v2\/pages\/18945\/revisions\/19016"}],"wp:attachment":[{"href":"https:\/\/www.auragraph-paris.com\/en\/wp-json\/wp\/v2\/media?parent=18945"}],"curies":[{"name":"wp","href":"https:\/\/api.w.org\/{rel}","templated":true}]}}