{"id":3,"date":"2022-12-16T10:39:55","date_gmt":"2022-12-16T10:39:55","guid":{"rendered":"https:\/\/nilah.la-studioweb.com\/?page_id=3"},"modified":"2023-12-09T00:48:47","modified_gmt":"2023-12-08T23:48:47","slug":"politique-de-confidentialite-et-cookies","status":"publish","type":"page","link":"https:\/\/www.auragraph-paris.com\/en\/politique-de-confidentialite-et-cookies\/","title":{"rendered":"Politique de confidentialit\u00e9 et Cookies"},"content":{"rendered":"<div data-elementor-type=\"wp-page\" data-elementor-id=\"3\" class=\"elementor elementor-3\">\n\t\t\t\t<div class=\"elementor-element elementor-element-55bfb51e e-flex e-con-boxed lakit-col-width-auto-no e-container e-root-container elementor-top-section e-con e-parent\" data-id=\"55bfb51e\" data-element_type=\"container\" data-e-type=\"container\">\n\t\t\t\t\t<div class=\"e-con-inner\">\n\t\t\t\t<div class=\"elementor-element elementor-element-66ada023 elementor-widget elementor-widget-text-editor\" data-id=\"66ada023\" data-element_type=\"widget\" data-e-type=\"widget\" data-widget_type=\"text-editor.default\">\n\t\t\t\t<div class=\"elementor-widget-container\">\n\t\t\t\t\t\t\t\t\t\n<h2 class=\"wp-block-heading\">Qui sommes-nous\u00a0?<\/h2>\n<hr \/>\n<p>\u00a0<\/p>\n<p>Nous sommes la soci\u00e9t\u00e9 Groff Claire r\u00e9pondant au nom commercial AURAGRAPH, entrepreneur individuel au capital social de 1\u00a0000 (mille) euros, enregistr\u00e9e au RCS de Versailles sous le num\u00e9ro 947813051, domicili\u00e9e 1 rue Henri IV \u2013 78100 St Germain-en-Laye, ci-apr\u00e8s \u00ab\u00a0Nous\u00a0\u00bb ou \u00ab\u00a0Auragraph\u00a0\u00bb.<\/p>\n<p>Notre c\u0153ur de m\u00e9tier est la fabrication et la vente de bijoux. Auragraph, c\u2019est la volont\u00e9 d\u2019accompagner au mieux nos clients (\u00ab\u00a0Vous\u00a0\u00bb) \u00e0 tout moment de leur vie.<\/p>\n<p>Pour mener \u00e0 bien notre mission, nous sommes amen\u00e9s, lorsque vous passez commande chez nous, \u00e0 recueillir, avec votre accord, un certain nombre d\u2019informations qui constituent des donn\u00e9es personnelles.<\/p>\n<p>Cette collecte et le traitement de ces donn\u00e9es sont r\u00e9alis\u00e9s en toute confidentialit\u00e9 et dans le plus strict respect des dispositions de la loi n\u00b078-17 du 6 janvier 1978 dite \u00ab\u00a0Loi Informatique et Libert\u00e9s\u00a0\u00bb et du R\u00e8glement g\u00e9n\u00e9ral n\u00b02016\/679 sur la protection des donn\u00e9es.<\/p>\n<p>La pr\u00e9sente politique de confidentialit\u00e9 est indissociable des <a href=\"https:\/\/www.auragraph-paris.com\/en\/conditions-generales-de-vente\/\">Terms and Conditions of Sale<\/a> et des <a href=\"https:\/\/www.auragraph-paris.com\/en\/conditions-generales-dutilisation\/\">Conditions G\u00e9n\u00e9rales d\u2019Utilisation<\/a>\u00a0avec lesquelles elle forme un ensemble contractuel.<\/p>\n<p>En cochant la case\u00a0\u00ab\u00a0<em>J\u2019accepte les Conditions G\u00e9n\u00e9rales de Vente, les Conditions G\u00e9n\u00e9rales d\u2019Utilisation et la Politique de confidentialit\u00e9 du Site<\/em>\u00a0\u00bb, vous reconnaissez avoir pris connaissance et accept\u00e9 notre politique de confidentialit\u00e9.<\/p>\n<p>\u00a0<\/p>\n<p>\u00a0<\/p>\n<h2>1. Donn\u00e9es personnelles<\/h2>\n<hr \/>\n<h3>\u00a0<\/h3>\n<h3>Pourquoi collectons-nous vos donn\u00e9es\u00a0?<\/h3>\n<p>La collecte et le traitement de vos informations personnelles sont n\u00e9cessaires \u00e0 la gestion et l\u2019ex\u00e9cution de votre commande ainsi qu\u2019\u00e0 la cr\u00e9ation d\u2019une relation avec vous. Ainsi, nous n\u2019utilisons vos donn\u00e9es que pour\u00a0:<\/p>\n<ul>\n<li>La gestion et l\u2019ex\u00e9cution de votre commande,<\/li>\n<li>Vous tenir informer de nos offres et informations commerciales qui pourraient vous int\u00e9resser (newsletters, offre promotionnelles, etc) et am\u00e9liorer les services que nous vous proposons,<\/li>\n<li>Pour le respect des obligations l\u00e9gales et r\u00e9glementaires auxquelles nous sommes tenus.<\/li>\n<\/ul>\n<p>\u00a0<\/p>\n<h3>Quelles donn\u00e9es sont collect\u00e9es\u00a0?<\/h3>\n<p>Nous ne collectons que les donn\u00e9es qui sont n\u00e9cessaires aux deux utilisations indiqu\u00e9es.<\/p>\n<p>Concr\u00e8tement, les donn\u00e9es concern\u00e9es sont notamment\u00a0vos noms et pr\u00e9noms, coordonn\u00e9es de contact (adresse, adresse mail, t\u00e9l\u00e9phone), \u00e9ventuellement votre \u00e2ge, date de naissance et photographie pour les cr\u00e9ations \u00e9nerg\u00e9tiques personnalis\u00e9es de la collection Auragraph.<\/p>\n<p>\u00a0<\/p>\n<h3>Communique-t-on vos donn\u00e9es a des tiers\u00a0?<\/h3>\n<p>Chez Auragraph, nous nous engageons \u00e0 ne pas transmettre vos donn\u00e9es personnelles \u00e0 des tiers, sauf lorsqu\u2019une communication \u00e0 des partenaires commerciaux est n\u00e9cessaire \u00e0 l\u2019ex\u00e9cution de votre commande et particuli\u00e8rement \u00e0 son acheminement ou \u00e0 la cr\u00e9ation de bijoux \u00e9nerg\u00e9tiques personnalis\u00e9s.<\/p>\n<p>Par exception, dans le cadre de la lutte contre les fraudes sur Internet, les informations relatives \u00e0 votre commande pourront \u00eatre transmises \u00e0 tout tiers habilit\u00e9 par la loi ou d\u00e9sign\u00e9 aux fins de v\u00e9rification de l&rsquo;identit\u00e9 du client et du mode de r\u00e8glement utilis\u00e9, conform\u00e9ment \u00e0 la Politique de confidentialit\u00e9.<\/p>\n<p>\u00a0<\/p>\n<h3>Quelle est la dur\u00e9e de conservation de vos donn\u00e9es ?<\/h3>\n<p>Lorsque vous cr\u00e9ez un compte client sur notre Site, vos informations sont conserv\u00e9es par Auragraph pendant toute la dur\u00e9e d\u2019activit\u00e9 de votre compte et jusqu\u2019\u00e0 sa fermeture. Vous pouvez cl\u00f4turer votre compte \u00e0 tout moment en nous envoyant un mail \u00e0 l\u2019adresse <a href=\"mailto:contact@auragraph-paris.com\">contact@auragraph-paris.com<\/a>. Votre demande sera trait\u00e9e et vos donn\u00e9es effac\u00e9es dans les plus brefs d\u00e9lais.<\/p>\n<p>Les donn\u00e9es collect\u00e9es au moment de votre commande sont conserv\u00e9es pendant toute l\u2019ex\u00e9cution de la commande une dur\u00e9e de 3 semaines \u00e0 partir de la bonne r\u00e9ception de vos produits.<\/p>\n<p>Par exception, Nous pouvons conserver sans limite de temps les donn\u00e9es n\u00e9cessaires au respect de nos obligations l\u00e9gales ou r\u00e8glementaires, en particulier la conservation des factures \u00e9mises.<\/p>\n<p>Vos donn\u00e9es peuvent \u00e9galement \u00eatre conserv\u00e9es pendant deux (2) ans pour vous informer de nos nouveaux produits ou nouvelles offres. Vous pourrez dans ce cas l\u00e0 et \u00e0 tout moment, demander \u00e0 \u00eatre retir\u00e9 de nos listes d\u2019information en nous contactant \u00e0 l\u2019adresse <a href=\"mailto:contact@auragraph-paris.com\">contact@auragraph-paris.com<\/a> ou en cliquant sur le lien \u00ab\u00a0Se d\u00e9sabonner\u00a0\u00bb figurant dans les courriels de prospection.<\/p>\n<p>Dans ce cas vos donn\u00e9es seront d\u00e9truites dans les meilleurs d\u00e9lais.<\/p>\n<p>\u00a0<\/p>\n<h3>Quelle s\u00e9curit\u00e9 pour vos donn\u00e9es ?<\/h3>\n<p>Auragraph met en \u0153uvre toutes les mesures techniques et organisationnelle visant \u00e0 assurer la s\u00e9curit\u00e9, l\u2019int\u00e9grit\u00e9 et la confidentialit\u00e9 de vos informations.<\/p>\n<p>Si Nous constatons une anomalie, Nous nous engageons \u00e0 vous en tenir informer par email dans un d\u00e9lai de 3 jours et \u00e0 saisir la CNIL.\u00a0<\/p>\n<p>\u00a0<\/p>\n<h3>Vos droits sur les donn\u00e9es collect\u00e9es<\/h3>\n<p>Vous disposez d\u2019un droit d\u2019acc\u00e8s, de rectification, de suppression, de portabilit\u00e9 et d\u2019opposition sur les donn\u00e9es personnelles que vous nous avez transmises.<\/p>\n<ul>\n<li>Le <strong>droit d\u2019acc\u00e8s<\/strong> vous permet de savoir si vos donn\u00e9es personnelles sont trait\u00e9es par Auragraph et d\u2019obtenir une copie de ces donn\u00e9es.<\/li>\n<li>Le <strong>droit de rectification<\/strong> vous permet de demander la correction d\u2019informations personnelles inexactes ou incompl\u00e8tes.<\/li>\n<li>Avec le <strong>droit de suppression (ou effacement)<\/strong> vous pouvez demander \u00e0 ce que Nous supprimions vos donn\u00e9es en particulier lorsque que celles-ci ne sont plus n\u00e9cessaires aux finalit\u00e9s pour lesquelles elles ont \u00e9t\u00e9 collect\u00e9es et trait\u00e9es.<\/li>\n<li>Le <strong>droit d\u2019opposition <\/strong>vous permet de vous opposer \u00e0 un traitement de vos donn\u00e9es.<\/li>\n<li>Le <strong>droit de portabilit\u00e9<\/strong> vous permet de demander la communication de vos donn\u00e9es sous un format lisible par une machine.<\/li>\n<\/ul>\n<p>\u00a0<\/p>\n<h3>Comment vous renseigner et exercer vos droits\u00a0?<\/h3>\n<p>Auragraph est responsable de traitement et c\u2019est \u00e0 ce titre que doit lui \u00eatre adress\u00e9e toute demande d\u2019exercice du droit d\u2019acc\u00e8s, de rectification, de suppression, de portabilit\u00e9 ou d\u2019opposition par mail \u00e0 l\u2019adresse <a href=\"mailto:contact@auragraph-paris.com\">contact@auragraph-paris.com<\/a> ou par courrier \u00e0 l\u2019adresse\u00a0:<\/p>\n<p style=\"padding-left: 40px;\">AURAGRAPH<br \/>1 rue Henri IV<br \/>78100 Saint-Germain-en-Laye<\/p>\n<p>Pour que votre demande soit trait\u00e9e au mieux, nous vous demandons de nous renseigner vos nom, pr\u00e9nom, adresse e-mail et r\u00e9f\u00e9rences clients (num\u00e9ro de commande).<\/p>\n<p>Vous pouvez \u00e9galement nous adresser toutes vos questions relatives \u00e0 la collecte et l\u2019utilisation de vos donn\u00e9es personnelles. Nous t\u00e2cherons d\u2019y r\u00e9pondre dans les meilleurs d\u00e9lais.<\/p>\n<p>\u00a0<\/p>\n<h3>Vous ne souhaitez pas faire l\u2019objet de d\u00e9marchage t\u00e9l\u00e9phoniques\u00a0?<\/h3>\n<p>Conform\u00e9ment aux dispositions de l\u2019article L.223-2 du Code de la consommation, nous vous informons que vous pouvez vous inscrire sur la liste d\u2019opposition au d\u00e9marchage t\u00e9l\u00e9phonique\u00a0: <a href=\"https:\/\/www.bloctel.gouv.fr\/\">https:\/\/www.bloctel.gouv.fr\/<\/a>.<\/p>\n<p>\u00a0<\/p>\n<p>\u00a0<\/p>\n<h2>2. Politique de cookies<\/h2>\n<hr \/>\n<h3>\u00a0<\/h3>\n<h3>Qu\u2019est-ce qu\u2019un cookie\u00a0?<\/h3>\n<p>Concr\u00e8tement, un cookie est un fichier informatique qui est d\u00e9pos\u00e9 sur votre ordinateur lors de la visite de notre site qui peut ensuite \u00eatre lu pour recueillir des informations de navigations comme le support utilis\u00e9 ou les pages consult\u00e9es par exemple.<\/p>\n<p>\u00a0<\/p>\n<h3>A quoi servent les cookies\u00a0?<\/h3>\n<p>Comme pour tout site internet, certaines informations sur vos habitudes de navigation peuvent \u00eatre collect\u00e9es par des cookies pr\u00e9sents sur notre Site.<\/p>\n<p>Auragraph se r\u00e9serve la possibilit\u00e9 d\u2019\u00e9mettre des cookies \u00e0 des fins\u00a0:<\/p>\n<ul>\n<li>D\u2019analyses statistiques relatives \u00e0 la fr\u00e9quentation du site (nombre de visites, les pages consult\u00e9es, etc),<\/li>\n<li>D\u2019adaptation de l\u2019affichage du site en fonction du support que vous utilisez pour vous y rendre (ordinateur, smartphone, tablette),<\/li>\n<li>M\u00e9moriser les informations renseign\u00e9es dans les formulaires ou les identifiants, g\u00e9rer les acc\u00e8s aux espaces personnels comme le compte client, et g\u00e9rer le panier de commande.<\/li>\n<\/ul>\n<p><strong>\u00a0<\/strong><\/p>\n<h3>A quoi sert la fen\u00eatre qui s\u2019ouvre lorsque vous vous rendez sur le site Auragraph ?<\/h3>\n<p>La fen\u00eatre ou la bande qui s\u2019affiche lorsque vous vous rendez sur le Site Auragraph est connue sous le nom de \u00ab\u00a0Consent Management Platform\u00a0\u00bb ou \u00ab\u00a0CMP\u00a0\u00bb. Elle sert \u00e0 g\u00e9rer et recueillir votre consentement pour la collecte et le traitement de vos donn\u00e9es.<\/p>\n<p>Elle vous permet notamment de ne limiter votre consentement qu\u2019\u00e0 un certain type de cookies, ou encore de d\u00e9sactiver tous les cookies non n\u00e9cessaires au bon fonctionnement de notre site.<\/p>\n<p>\u00a0<\/p>\n<p>\u00a0<\/p>\n<p>\u00a0<\/p>\n<p>\u00a0<\/p>\n\t\t\t\t\t\t\t\t<\/div>\n\t\t\t\t<\/div>\n\t\t\t\t\t<\/div>\n\t\t\t\t<\/div>\n\t\t\t\t<\/div>","protected":false},"excerpt":{"rendered":"<p>Qui sommes-nous\u00a0? \u00a0 Nous sommes la soci\u00e9t\u00e9 Groff Claire r\u00e9pondant au nom commercial AURAGRAPH, entrepreneur individuel au capital social de 1\u00a0000 (mille) euros, enregistr\u00e9e au RCS de Versailles sous le num\u00e9ro 947813051, domicili\u00e9e 1 rue Henri IV \u2013 78100 St Germain-en-Laye, ci-apr\u00e8s \u00ab\u00a0Nous\u00a0\u00bb ou \u00ab\u00a0Auragraph\u00a0\u00bb. Notre c\u0153ur de m\u00e9tier est la&hellip;<\/p>","protected":false},"author":1,"featured_media":0,"parent":0,"menu_order":0,"comment_status":"closed","ping_status":"closed","template":"","meta":{"_acf_changed":false,"footnotes":""},"class_list":["post-3","page","type-page","status-publish","hentry"],"acf":[],"_links":{"self":[{"href":"https:\/\/www.auragraph-paris.com\/en\/wp-json\/wp\/v2\/pages\/3","targetHints":{"allow":["GET"]}}],"collection":[{"href":"https:\/\/www.auragraph-paris.com\/en\/wp-json\/wp\/v2\/pages"}],"about":[{"href":"https:\/\/www.auragraph-paris.com\/en\/wp-json\/wp\/v2\/types\/page"}],"author":[{"embeddable":true,"href":"https:\/\/www.auragraph-paris.com\/en\/wp-json\/wp\/v2\/users\/1"}],"replies":[{"embeddable":true,"href":"https:\/\/www.auragraph-paris.com\/en\/wp-json\/wp\/v2\/comments?post=3"}],"version-history":[{"count":21,"href":"https:\/\/www.auragraph-paris.com\/en\/wp-json\/wp\/v2\/pages\/3\/revisions"}],"predecessor-version":[{"id":17007,"href":"https:\/\/www.auragraph-paris.com\/en\/wp-json\/wp\/v2\/pages\/3\/revisions\/17007"}],"wp:attachment":[{"href":"https:\/\/www.auragraph-paris.com\/en\/wp-json\/wp\/v2\/media?parent=3"}],"curies":[{"name":"wp","href":"https:\/\/api.w.org\/{rel}","templated":true}]}}