{"id":3334,"date":"2023-09-28T21:49:26","date_gmt":"2023-09-28T19:49:26","guid":{"rendered":"https:\/\/www.auragraph-paris.com\/?page_id=3334"},"modified":"2024-11-19T19:51:19","modified_gmt":"2024-11-19T18:51:19","slug":"notre-histoire","status":"publish","type":"page","link":"https:\/\/www.auragraph-paris.com\/en\/notre-histoire\/","title":{"rendered":"Our History"},"content":{"rendered":"\t\t<div data-elementor-type=\"wp-page\" data-elementor-id=\"3334\" class=\"elementor elementor-3334\">\n\t\t\t\t<div class=\"elementor-element elementor-element-6f94b75 animated-slow e-flex e-con-boxed lakit-col-width-auto-no elementor-invisible e-container e-root-container elementor-top-section e-con e-parent\" data-id=\"6f94b75\" data-element_type=\"container\" data-e-type=\"container\" data-settings=\"{&quot;background_background&quot;:&quot;classic&quot;,&quot;background_motion_fx_motion_fx_scrolling&quot;:&quot;yes&quot;,&quot;background_motion_fx_translateY_effect&quot;:&quot;yes&quot;,&quot;animation&quot;:&quot;fadeIn&quot;,&quot;background_motion_fx_translateY_speed&quot;:{&quot;unit&quot;:&quot;px&quot;,&quot;size&quot;:3,&quot;sizes&quot;:[]},&quot;background_motion_fx_translateY_affectedRange&quot;:{&quot;unit&quot;:&quot;%&quot;,&quot;size&quot;:&quot;&quot;,&quot;sizes&quot;:{&quot;start&quot;:20,&quot;end&quot;:80}},&quot;background_motion_fx_devices&quot;:[&quot;mobile&quot;,&quot;mobile_extra&quot;,&quot;tablet&quot;,&quot;laptop&quot;,&quot;desktop&quot;]}\">\n\t\t\t\t\t<div class=\"e-con-inner\">\n\t\t\t\t<div class=\"elementor-element elementor-element-8943147 elementor-widget elementor-widget-heading\" data-id=\"8943147\" data-element_type=\"widget\" data-e-type=\"widget\" data-widget_type=\"heading.default\">\n\t\t\t\t<div class=\"elementor-widget-container\">\n\t\t\t\t\t<h2 class=\"elementor-heading-title elementor-size-default\">L\u2019ALLIANCE DE<br>\nBONNES \u00c9NERGIES<br> \nAVANT TOUT<\/h2>\t\t\t\t<\/div>\n\t\t\t\t<\/div>\n\t\t\t\t\t<\/div>\n\t\t\t\t<\/div>\n\t\t<div class=\"elementor-element elementor-element-fe00e29 e-flex e-con-boxed lakit-col-width-auto-no e-container e-root-container elementor-top-section e-con e-parent\" data-id=\"fe00e29\" data-element_type=\"container\" data-e-type=\"container\" data-settings=\"{&quot;background_background&quot;:&quot;classic&quot;}\">\n\t\t\t\t\t<div class=\"e-con-inner\">\n\t\t<div class=\"elementor-element elementor-element-f77bc95 e-con-full e-flex lakit-col-width-auto-no e-container e-con e-child\" data-id=\"f77bc95\" data-element_type=\"container\" data-e-type=\"container\">\n\t\t\t\t<div class=\"elementor-element elementor-element-98eb3f2 content-img elementor-invisible elementor-widget elementor-widget-image\" data-id=\"98eb3f2\" data-element_type=\"widget\" data-e-type=\"widget\" data-settings=\"{&quot;lakit_floating_fx&quot;:&quot;yes&quot;,&quot;lakit_floating_fx_scale_toggle&quot;:&quot;yes&quot;,&quot;lakit_floating_fx_scale_x&quot;:{&quot;unit&quot;:&quot;px&quot;,&quot;size&quot;:&quot;&quot;,&quot;sizes&quot;:{&quot;from&quot;:1,&quot;to&quot;:1}},&quot;lakit_floating_fx_scale_y&quot;:{&quot;unit&quot;:&quot;px&quot;,&quot;size&quot;:&quot;&quot;,&quot;sizes&quot;:{&quot;from&quot;:1,&quot;to&quot;:1}},&quot;_animation&quot;:&quot;lakitShortFadeInUp&quot;,&quot;lakit_floating_fx_scale_duration&quot;:{&quot;unit&quot;:&quot;px&quot;,&quot;size&quot;:1000,&quot;sizes&quot;:[]},&quot;lakit_floating_fx_scale_delay&quot;:{&quot;unit&quot;:&quot;px&quot;,&quot;size&quot;:&quot;&quot;,&quot;sizes&quot;:[]}}\" data-widget_type=\"image.default\">\n\t\t\t\t<div class=\"elementor-widget-container\">\n\t\t\t\t\t\t\t\t\t\t\t\t\t\t\t<img fetchpriority=\"high\" decoding=\"async\" width=\"2362\" height=\"2362\" src=\"https:\/\/www.auragraph-paris.com\/wp-content\/uploads\/CLAIRE-1.jpg\" class=\"attachment-full size-full wp-image-18792\" alt=\"\" srcset=\"https:\/\/www.auragraph-paris.com\/wp-content\/uploads\/CLAIRE-1.jpg 2362w, https:\/\/www.auragraph-paris.com\/wp-content\/uploads\/CLAIRE-1-1536x1536.jpg 1536w, https:\/\/www.auragraph-paris.com\/wp-content\/uploads\/CLAIRE-1-2048x2048.jpg 2048w, https:\/\/www.auragraph-paris.com\/wp-content\/uploads\/CLAIRE-1-12x12.jpg 12w, https:\/\/www.auragraph-paris.com\/wp-content\/uploads\/CLAIRE-1-1320x1320.jpg 1320w, https:\/\/www.auragraph-paris.com\/wp-content\/uploads\/CLAIRE-1-100x100.jpg 100w\" sizes=\"(max-width: 2362px) 100vw, 2362px\" \/>\t\t\t\t\t\t\t\t\t\t\t\t\t\t\t<\/div>\n\t\t\t\t<\/div>\n\t\t\t\t<\/div>\n\t\t<div class=\"elementor-element elementor-element-5aaafd6 e-con-full e-flex lakit-col-width-auto-no elementor-invisible e-container e-con e-child\" data-id=\"5aaafd6\" data-element_type=\"container\" data-e-type=\"container\" data-settings=\"{&quot;animation&quot;:&quot;lakitShortFadeInUp&quot;,&quot;animation_delay&quot;:200}\">\n\t\t\t\t<div class=\"elementor-element elementor-element-2835a6d elementor-widget__width-initial elementor-widget elementor-widget-heading\" data-id=\"2835a6d\" data-element_type=\"widget\" data-e-type=\"widget\" data-widget_type=\"heading.default\">\n\t\t\t\t<div class=\"elementor-widget-container\">\n\t\t\t\t\t<h2 class=\"elementor-heading-title elementor-size-default\">Nos \u00e9nergies<\/h2>\t\t\t\t<\/div>\n\t\t\t\t<\/div>\n\t\t\t\t<div class=\"elementor-element elementor-element-b922519 elementor-widget__width-initial elementor-widget-divider--view-line elementor-widget elementor-widget-divider\" data-id=\"b922519\" data-element_type=\"widget\" data-e-type=\"widget\" data-widget_type=\"divider.default\">\n\t\t\t\t<div class=\"elementor-widget-container\">\n\t\t\t\t\t\t\t<div class=\"elementor-divider\">\n\t\t\t<span class=\"elementor-divider-separator\">\n\t\t\t\t\t\t<\/span>\n\t\t<\/div>\n\t\t\t\t\t\t<\/div>\n\t\t\t\t<\/div>\n\t\t\t\t<div class=\"elementor-element elementor-element-580d879 elementor-widget__width-initial elementor-widget elementor-widget-text-editor\" data-id=\"580d879\" data-element_type=\"widget\" data-e-type=\"widget\" data-widget_type=\"text-editor.default\">\n\t\t\t\t<div class=\"elementor-widget-container\">\n\t\t\t\t\t\t\t\t\t<p>De ses 15 ans pass\u00e9s dans les plus grandes Maisons de luxe en France et en Suisse, Claire Groff, fondatrice d\u2019AURAGRAPH, a retenu une chose essentielle : c\u2019est au travail d\u2019\u00e9quipe que revient le m\u00e9rite et le succ\u00e8s. Et si chaque membre de l\u2019\u00e9quipe d\u00e9livre son expertise dans la bienveillance, l\u2019\u00e9coute, le respect et la confiance, il est possible alors d\u2019atteindre des sommets. Le logo d\u2019AURAGRAPH exprime cette conviction. Une identit\u00e9 visuelle multifacettes qui symbolise aussi la prise de hauteur et sugg\u00e8re le diamant.<\/p><p><em>\u00ab\u00a0Avec AURAGRAPH, j\u2019ai voulu construire la Maison de mes r\u00eaves. Ici, nous travaillons entre proches, amis, famille ou connaissances admir\u00e9es et appr\u00e9ci\u00e9es souvent depuis de longues ann\u00e9es. C\u2019est un bonheur de cr\u00e9er pour les autres, avec le c\u0153ur, dans une ambiance enrichissante et \u00e9panouissante.\u00a0\u00bb<\/em><\/p>\t\t\t\t\t\t\t\t<\/div>\n\t\t\t\t<\/div>\n\t\t\t\t<\/div>\n\t\t\t\t\t<\/div>\n\t\t\t\t<\/div>\n\t\t<div class=\"elementor-element elementor-element-17bfd1b e-flex e-con-boxed lakit-col-width-auto-no e-container e-root-container elementor-top-section e-con e-parent\" data-id=\"17bfd1b\" data-element_type=\"container\" data-e-type=\"container\" data-settings=\"{&quot;background_background&quot;:&quot;classic&quot;}\">\n\t\t\t\t\t<div class=\"e-con-inner\">\n\t\t<div class=\"elementor-element elementor-element-faf1c88 e-con-full e-flex lakit-col-width-auto-no elementor-invisible e-container e-con e-child\" data-id=\"faf1c88\" data-element_type=\"container\" data-e-type=\"container\" data-settings=\"{&quot;animation&quot;:&quot;lakitShortFadeInUp&quot;,&quot;animation_delay&quot;:200}\">\n\t\t\t\t<div class=\"elementor-element elementor-element-753fe1f elementor-widget__width-initial elementor-widget elementor-widget-heading\" data-id=\"753fe1f\" data-element_type=\"widget\" data-e-type=\"widget\" data-widget_type=\"heading.default\">\n\t\t\t\t<div class=\"elementor-widget-container\">\n\t\t\t\t\t<h2 class=\"elementor-heading-title elementor-size-default\">...Et surtout<br class=\"hide-mob\"> la votre&nbsp;!<\/h2>\t\t\t\t<\/div>\n\t\t\t\t<\/div>\n\t\t\t\t<div class=\"elementor-element elementor-element-045aab1 elementor-widget__width-initial elementor-widget-divider--view-line elementor-widget elementor-widget-divider\" data-id=\"045aab1\" data-element_type=\"widget\" data-e-type=\"widget\" data-widget_type=\"divider.default\">\n\t\t\t\t<div class=\"elementor-widget-container\">\n\t\t\t\t\t\t\t<div class=\"elementor-divider\">\n\t\t\t<span class=\"elementor-divider-separator\">\n\t\t\t\t\t\t<\/span>\n\t\t<\/div>\n\t\t\t\t\t\t<\/div>\n\t\t\t\t<\/div>\n\t\t\t\t<div class=\"elementor-element elementor-element-f16d910 elementor-widget__width-initial elementor-widget elementor-widget-text-editor\" data-id=\"f16d910\" data-element_type=\"widget\" data-e-type=\"widget\" data-widget_type=\"text-editor.default\">\n\t\t\t\t<div class=\"elementor-widget-container\">\n\t\t\t\t\t\t\t\t\t<p>AURAGRAPH r\u00e9unit les bonnes personnes, les bonnes \u00e9nergies. Il ne manquait que vous.<\/p><p>Vous qui \u00eates souvent prise dans le tourbillon du quotidien. Vous qui avez d\u00fb reb\u00e2tir des rep\u00e8res, des priorit\u00e9s, une vision de votre avenir apr\u00e8s des p\u00e9riodes difficiles de changement et d\u2019\u00e9volution de notre monde. Vous qui \u00eates devenue naturellement le c\u0153ur de toutes nos attentions.<\/p><p>Les cr\u00e9ations AURAGRAPH ne raconteront jamais une histoire qui n\u2019est pas la v\u00f4tre. Elles vous guident, vous accompagnent au coeur de vous-m\u00eame. Elles vous permettent de penser librement \u00e0 vous et seulement \u00e0 vous, en conscience, avec tout le soin et le plaisir que vous vous devez.<\/p><p>Votre vibration est notre seule et unique inspiration.<\/p>\t\t\t\t\t\t\t\t<\/div>\n\t\t\t\t<\/div>\n\t\t\t\t<\/div>\n\t\t<div class=\"elementor-element elementor-element-cd87e10 e-con-full e-flex lakit-col-width-auto-no elementor-invisible e-container e-con e-child\" data-id=\"cd87e10\" data-element_type=\"container\" data-e-type=\"container\" data-settings=\"{&quot;animation&quot;:&quot;lakitShortFadeInUp&quot;}\">\n\t\t\t\t<div class=\"elementor-element elementor-element-708c495 content-img elementor-widget elementor-widget-image\" data-id=\"708c495\" data-element_type=\"widget\" data-e-type=\"widget\" data-widget_type=\"image.default\">\n\t\t\t\t<div class=\"elementor-widget-container\">\n\t\t\t\t\t\t\t\t\t\t\t\t\t\t\t<img decoding=\"async\" width=\"1300\" height=\"1300\" src=\"https:\/\/www.auragraph-paris.com\/wp-content\/uploads\/rires-1-1.jpg\" class=\"attachment-full size-full wp-image-18793\" alt=\"\" srcset=\"https:\/\/www.auragraph-paris.com\/wp-content\/uploads\/rires-1-1.jpg 1300w, https:\/\/www.auragraph-paris.com\/wp-content\/uploads\/rires-1-1-12x12.jpg 12w, https:\/\/www.auragraph-paris.com\/wp-content\/uploads\/rires-1-1-100x100.jpg 100w\" sizes=\"(max-width: 1300px) 100vw, 1300px\" \/>\t\t\t\t\t\t\t\t\t\t\t\t\t\t\t<\/div>\n\t\t\t\t<\/div>\n\t\t\t\t<\/div>\n\t\t\t\t\t<\/div>\n\t\t\t\t<\/div>\n\t\t<div class=\"elementor-element elementor-element-950ea8f e-flex e-con-boxed lakit-col-width-auto-no e-container e-root-container elementor-top-section e-con e-parent\" data-id=\"950ea8f\" data-element_type=\"container\" data-e-type=\"container\" data-settings=\"{&quot;background_background&quot;:&quot;classic&quot;}\">\n\t\t\t\t\t<div class=\"e-con-inner\">\n\t\t<div class=\"elementor-element elementor-element-5141992 e-con-full e-flex lakit-col-width-auto-no elementor-invisible e-container e-con e-child\" data-id=\"5141992\" data-element_type=\"container\" data-e-type=\"container\" data-settings=\"{&quot;animation&quot;:&quot;lakitShortFadeInUp&quot;}\">\n\t\t\t\t<div class=\"elementor-element elementor-element-d76fd65 content-img elementor-widget elementor-widget-image\" data-id=\"d76fd65\" data-element_type=\"widget\" data-e-type=\"widget\" data-widget_type=\"image.default\">\n\t\t\t\t<div class=\"elementor-widget-container\">\n\t\t\t\t\t\t\t\t\t\t\t\t\t\t\t<img decoding=\"async\" width=\"1749\" height=\"1749\" src=\"https:\/\/www.auragraph-paris.com\/wp-content\/uploads\/auragraph-22.jpg\" class=\"attachment-full size-full wp-image-18807\" alt=\"\" srcset=\"https:\/\/www.auragraph-paris.com\/wp-content\/uploads\/auragraph-22.jpg 1749w, https:\/\/www.auragraph-paris.com\/wp-content\/uploads\/auragraph-22-1536x1536.jpg 1536w, https:\/\/www.auragraph-paris.com\/wp-content\/uploads\/auragraph-22-12x12.jpg 12w, https:\/\/www.auragraph-paris.com\/wp-content\/uploads\/auragraph-22-1320x1320.jpg 1320w, https:\/\/www.auragraph-paris.com\/wp-content\/uploads\/auragraph-22-100x100.jpg 100w\" sizes=\"(max-width: 1749px) 100vw, 1749px\" \/>\t\t\t\t\t\t\t\t\t\t\t\t\t\t\t<\/div>\n\t\t\t\t<\/div>\n\t\t\t\t<\/div>\n\t\t<div class=\"elementor-element elementor-element-597e6bc e-con-full e-flex lakit-col-width-auto-no elementor-invisible e-container e-con e-child\" data-id=\"597e6bc\" data-element_type=\"container\" data-e-type=\"container\" data-settings=\"{&quot;animation&quot;:&quot;lakitShortFadeInUp&quot;,&quot;animation_delay&quot;:200}\">\n\t\t\t\t<div class=\"elementor-element elementor-element-e7d9165 elementor-widget__width-initial elementor-widget elementor-widget-heading\" data-id=\"e7d9165\" data-element_type=\"widget\" data-e-type=\"widget\" data-widget_type=\"heading.default\">\n\t\t\t\t<div class=\"elementor-widget-container\">\n\t\t\t\t\t<h2 class=\"elementor-heading-title elementor-size-default\">Un fondement<br class=\"hide-mob\"> audacieux<\/h2>\t\t\t\t<\/div>\n\t\t\t\t<\/div>\n\t\t\t\t<div class=\"elementor-element elementor-element-696ad1a elementor-widget__width-initial elementor-widget-divider--view-line elementor-widget elementor-widget-divider\" data-id=\"696ad1a\" data-element_type=\"widget\" data-e-type=\"widget\" data-widget_type=\"divider.default\">\n\t\t\t\t<div class=\"elementor-widget-container\">\n\t\t\t\t\t\t\t<div class=\"elementor-divider\">\n\t\t\t<span class=\"elementor-divider-separator\">\n\t\t\t\t\t\t<\/span>\n\t\t<\/div>\n\t\t\t\t\t\t<\/div>\n\t\t\t\t<\/div>\n\t\t\t\t<div class=\"elementor-element elementor-element-af53744 elementor-widget__width-initial elementor-widget elementor-widget-text-editor\" data-id=\"af53744\" data-element_type=\"widget\" data-e-type=\"widget\" data-widget_type=\"text-editor.default\">\n\t\t\t\t<div class=\"elementor-widget-container\">\n\t\t\t\t\t\t\t\t\t<p>Le champ de l\u2019\u00e9nergie humaine est observ\u00e9 depuis longtemps. Par l\u2018\u00e9tude du \u00ab prana \u00bb en Inde par les Yogis il y a 5000 ans, par l\u2019\u00e9tude du \u00ab Chi \u00bb par les Chinois il y a 3000 ans, avec les fondamentaux du Yin et du Yang.<\/p><p>Chacun est libre de ses croyances. Mais peut-on contester l\u2019existence de cette source de vie universelle qui, d\u00e9cod\u00e9e et apprivois\u00e9e, r\u00e9serve un potentiel extraordinaire\u00a0?<\/p><p>C\u2019est ce potentiel qu\u2019AURAGRAPH a choisi de r\u00e9v\u00e9ler en chacun(e) de nous, en alliant \u00e9nergie et joaillerie.<\/p>\t\t\t\t\t\t\t\t<\/div>\n\t\t\t\t<\/div>\n\t\t\t\t<\/div>\n\t\t\t\t\t<\/div>\n\t\t\t\t<\/div>\n\t\t\t\t<\/div>\n\t\t","protected":false},"excerpt":{"rendered":"<p>L\u2019ALLIANCE DE BONNES \u00c9NERGIES AVANT TOUT Nos \u00e9nergies De ses 15 ans pass\u00e9s dans les plus grandes Maisons de luxe en France et en Suisse, Claire Groff, fondatrice d\u2019AURAGRAPH, a retenu une chose essentielle : c\u2019est au travail d\u2019\u00e9quipe que revient le m\u00e9rite et le succ\u00e8s. Et si chaque membre de&hellip;<\/p>","protected":false},"author":1,"featured_media":0,"parent":0,"menu_order":0,"comment_status":"closed","ping_status":"closed","template":"","meta":{"_acf_changed":false,"footnotes":""},"class_list":["post-3334","page","type-page","status-publish","hentry"],"acf":[],"_links":{"self":[{"href":"https:\/\/www.auragraph-paris.com\/en\/wp-json\/wp\/v2\/pages\/3334","targetHints":{"allow":["GET"]}}],"collection":[{"href":"https:\/\/www.auragraph-paris.com\/en\/wp-json\/wp\/v2\/pages"}],"about":[{"href":"https:\/\/www.auragraph-paris.com\/en\/wp-json\/wp\/v2\/types\/page"}],"author":[{"embeddable":true,"href":"https:\/\/www.auragraph-paris.com\/en\/wp-json\/wp\/v2\/users\/1"}],"replies":[{"embeddable":true,"href":"https:\/\/www.auragraph-paris.com\/en\/wp-json\/wp\/v2\/comments?post=3334"}],"version-history":[{"count":106,"href":"https:\/\/www.auragraph-paris.com\/en\/wp-json\/wp\/v2\/pages\/3334\/revisions"}],"predecessor-version":[{"id":18987,"href":"https:\/\/www.auragraph-paris.com\/en\/wp-json\/wp\/v2\/pages\/3334\/revisions\/18987"}],"wp:attachment":[{"href":"https:\/\/www.auragraph-paris.com\/en\/wp-json\/wp\/v2\/media?parent=3334"}],"curies":[{"name":"wp","href":"https:\/\/api.w.org\/{rel}","templated":true}]}}