{"id":16879,"date":"2023-12-08T16:57:54","date_gmt":"2023-12-08T15:57:54","guid":{"rendered":"https:\/\/www.auragraph-paris.com\/?post_type=product&#038;p=16879"},"modified":"2026-02-04T16:38:50","modified_gmt":"2026-02-04T15:38:50","slug":"mood-a-lunite","status":"publish","type":"product","link":"https:\/\/www.auragraph-paris.com\/en\/shop\/mood-a-lunite\/","title":{"rendered":"Mood - Ornamental stone"},"content":{"rendered":"<p>They reflect your secret mood and exuberant desires. They suggest your state of mind and create perfect harmonies with your outfits. They are the deep, vibrant contrast on which metal and diamond dance. They bring character and distinction. They are your choice, your freedom. The freedom that allows you to be yourself, to assert yourself.<\/p>\n<p>&nbsp;<\/p>\n<h5>Product details<\/h5>\n<ul>\n<li>18K Gold<\/li>\n<li>Ornamental Stone<\/li>\n<li>Dimensions : 22,5mm x 4,5mm<\/li>\n<li>Poids d&rsquo;or \/ Caisson amazonite : 3,68g<br \/>\nPoids or \/ Caisson lapis lazuli : 3,72g<br \/>\nPoids or \/ Caisson malachite : 3,92g<br \/>\nPoids or \/ Caisson turquoise : 3,76g<br \/>\nPoids or \/ Caisson am\u00e9thyste : 3,72g<br \/>\nPoids or \/ Caisson rubis zo\u00efsite : 3,41g<br \/>\nPoids or \/ Caisson nacre de Tathiti : 3,75g<br \/>\nPoids or \/ Caisson nacre blanche : 3,75g<br \/>\nPoids or \/ Caisson opale rose : 3,64g<br \/>\nPoids or \/ Caisson oeil de tigre : 3,70g<br \/>\nPoids or \/ Caisson onyx : 3,75g<br \/>\nPoids or \/ Caisson cornaline : 3,74g<br \/>\nPoids or \/ Caisson quartz bleu : 3,70g<\/li>\n<\/ul>\n<p>Each stone is unique in terms of color shades and details.<\/p>","protected":false},"excerpt":{"rendered":"<p>Ils refl\u00e8tent votre humeur secr\u00e8te, vos envies exub\u00e9rantes. Ils sugg\u00e8rent votre \u00e9tat d\u2019\u00e2me et imposent des accords parfaits avec \u00e0 vos tenues. Ils sont ce contraste profond et vivant sur lequel danse le m\u00e9tal et le diamant. Ils apportent caract\u00e8re et distinction. Ils sont votre choix, votre libert\u00e9. Celle qui vous&hellip;<\/p>","protected":false},"featured_media":18252,"template":"","meta":{"_acf_changed":false},"collection":[183,184,189],"product_brand":[],"product_cat":[177],"product_tag":[],"class_list":{"0":"post-16879","1":"product","2":"type-product","3":"status-publish","4":"has-post-thumbnail","6":"collection-auradiance","7":"collection-auragraph","8":"collection-moods","9":"product_cat-moods","11":"first","12":"instock","13":"taxable","14":"shipping-taxable","15":"purchasable","16":"product-type-simple"},"acf":[],"_links":{"self":[{"href":"https:\/\/www.auragraph-paris.com\/en\/wp-json\/wp\/v2\/product\/16879","targetHints":{"allow":["GET"]}}],"collection":[{"href":"https:\/\/www.auragraph-paris.com\/en\/wp-json\/wp\/v2\/product"}],"about":[{"href":"https:\/\/www.auragraph-paris.com\/en\/wp-json\/wp\/v2\/types\/product"}],"wp:featuredmedia":[{"embeddable":true,"href":"https:\/\/www.auragraph-paris.com\/en\/wp-json\/wp\/v2\/media\/18252"}],"wp:attachment":[{"href":"https:\/\/www.auragraph-paris.com\/en\/wp-json\/wp\/v2\/media?parent=16879"}],"wp:term":[{"taxonomy":"collection","embeddable":true,"href":"https:\/\/www.auragraph-paris.com\/en\/wp-json\/wp\/v2\/collection?post=16879"},{"taxonomy":"product_brand","embeddable":true,"href":"https:\/\/www.auragraph-paris.com\/en\/wp-json\/wp\/v2\/product_brand?post=16879"},{"taxonomy":"product_cat","embeddable":true,"href":"https:\/\/www.auragraph-paris.com\/en\/wp-json\/wp\/v2\/product_cat?post=16879"},{"taxonomy":"product_tag","embeddable":true,"href":"https:\/\/www.auragraph-paris.com\/en\/wp-json\/wp\/v2\/product_tag?post=16879"}],"curies":[{"name":"wp","href":"https:\/\/api.w.org\/{rel}","templated":true}]}}