{"id":16880,"date":"2023-12-08T16:58:14","date_gmt":"2023-12-08T15:58:14","guid":{"rendered":"https:\/\/www.auragraph-paris.com\/?post_type=product&#038;p=16880"},"modified":"2026-02-04T16:39:01","modified_gmt":"2026-02-04T15:39:01","slug":"mini-mood-en-laque","status":"publish","type":"product","link":"https:\/\/www.auragraph-paris.com\/en\/shop\/mini-mood-en-laque\/","title":{"rendered":"Mini Mood -  Lacquer"},"content":{"rendered":"<p>They reflect your secret mood and your exuberant desires. They suggest your state of mind and create perfect matches with your outfits. They are the smooth and shiny contrast on which metal and diamond dance. They bring character and distinction. They are your choice, your freedom. The freedom that allows you to be yourself, to assert yourself.<\/p>\n<p>&nbsp;<\/p>\n<h5>Product details<\/h5>\n<ul>\n<li>18K Gold<\/li>\n<li>Lacquer<\/li>\n<li>Dimensions : 9mm x 2mm<\/li>\n<li>Poids or \/ Caisson laque corail : 1,11g<br \/>\nPoids or \/ Caisson laque bleu lapis : 1,16g<br \/>\nPoids or \/ Caisson laque verte : 1,16g<br \/>\nPoids or \/ Caisson laque violette : 1,14g<br \/>\nPoids or \/ Caisson laque rose : 1,15g<br \/>\nPoids or \/ Caisson laque bleu ciel : 1,15g<br \/>\nPoids or \/ Caisson laque turquoise : 1,14g<br \/>\nPoids or \/ Caisson laque blanche : 1,18g<br \/>\nPoids or \/ Caisson laque noire : 1,21g<\/li>\n<\/ul>","protected":false},"excerpt":{"rendered":"<p>Ils refl\u00e8tent votre humeur secr\u00e8te, vos envies exub\u00e9rantes. Ils sugg\u00e8rent votre \u00e9tat d\u2019\u00e2me et imposent des accords parfaits avec \u00e0 vos tenues. Ils sont ce contraste lisse et brillant sur lequel danse le m\u00e9tal et le diamant. Ils apportent caract\u00e8re et distinction. Ils sont votre choix, votre libert\u00e9. Celle qui vous&hellip;<\/p>","protected":false},"featured_media":18283,"template":"","meta":{"_acf_changed":false},"collection":[185,189],"product_brand":[],"product_cat":[178],"product_tag":[],"class_list":{"0":"post-16880","1":"product","2":"type-product","3":"status-publish","4":"has-post-thumbnail","6":"collection-aurallegorie","7":"collection-moods","8":"product_cat-mini-moods","10":"first","11":"instock","12":"taxable","13":"shipping-taxable","14":"purchasable","15":"product-type-simple"},"acf":[],"_links":{"self":[{"href":"https:\/\/www.auragraph-paris.com\/en\/wp-json\/wp\/v2\/product\/16880","targetHints":{"allow":["GET"]}}],"collection":[{"href":"https:\/\/www.auragraph-paris.com\/en\/wp-json\/wp\/v2\/product"}],"about":[{"href":"https:\/\/www.auragraph-paris.com\/en\/wp-json\/wp\/v2\/types\/product"}],"wp:featuredmedia":[{"embeddable":true,"href":"https:\/\/www.auragraph-paris.com\/en\/wp-json\/wp\/v2\/media\/18283"}],"wp:attachment":[{"href":"https:\/\/www.auragraph-paris.com\/en\/wp-json\/wp\/v2\/media?parent=16880"}],"wp:term":[{"taxonomy":"collection","embeddable":true,"href":"https:\/\/www.auragraph-paris.com\/en\/wp-json\/wp\/v2\/collection?post=16880"},{"taxonomy":"product_brand","embeddable":true,"href":"https:\/\/www.auragraph-paris.com\/en\/wp-json\/wp\/v2\/product_brand?post=16880"},{"taxonomy":"product_cat","embeddable":true,"href":"https:\/\/www.auragraph-paris.com\/en\/wp-json\/wp\/v2\/product_cat?post=16880"},{"taxonomy":"product_tag","embeddable":true,"href":"https:\/\/www.auragraph-paris.com\/en\/wp-json\/wp\/v2\/product_tag?post=16880"}],"curies":[{"name":"wp","href":"https:\/\/api.w.org\/{rel}","templated":true}]}}