{"id":18377,"date":"2024-08-11T01:35:02","date_gmt":"2024-08-10T23:35:02","guid":{"rendered":"https:\/\/www.auragraph-paris.com\/?post_type=product&#038;p=18377"},"modified":"2025-06-17T15:00:52","modified_gmt":"2025-06-17T13:00:52","slug":"mood-tout-or","status":"publish","type":"product","link":"https:\/\/www.auragraph-paris.com\/en\/shop\/mood-tout-or\/","title":{"rendered":"Mood - Full Gold"},"content":{"rendered":"<p>They reflect your secret mood and stand out with their presence. They suggest your state of mind and complement your outfits in all circumstances. They are the polished and captivating mirror on which the diamond setting dances. They bring character and distinction. They are your choice, your freedom. The freedom that allows you to be yourself, to assert yourself.<\/p>\n<p>&nbsp;<\/p>\n<h5>Product details<\/h5>\n<ul>\n<li>18K Gold<br \/>\nPoids or : 6,41g<\/li>\n<li>Dimensions : 22,5mm x 4,5mm<\/li>\n<\/ul>","protected":false},"excerpt":{"rendered":"<p>Ils refl\u00e8tent votre humeur secr\u00e8te, se remarquent par leur prestance. Ils sugg\u00e8rent votre \u00e9tat d\u2019\u00e2me et imposent des accords avec vos tenues en toutes circonstances. Ils sont ce miroir poli et captivant sur lequel danse la reliance de diamants. Ils apportent caract\u00e8re et distinction. Ils sont votre choix, votre libert\u00e9. Celle&hellip;<\/p>","protected":false},"featured_media":18378,"template":"","meta":{"_acf_changed":false},"collection":[183,184,189],"product_brand":[],"product_cat":[177],"product_tag":[],"class_list":{"0":"post-18377","1":"product","2":"type-product","3":"status-publish","4":"has-post-thumbnail","6":"collection-auradiance","7":"collection-auragraph","8":"collection-moods","9":"product_cat-moods","11":"first","12":"instock","13":"taxable","14":"shipping-taxable","15":"purchasable","16":"product-type-simple"},"acf":[],"_links":{"self":[{"href":"https:\/\/www.auragraph-paris.com\/en\/wp-json\/wp\/v2\/product\/18377","targetHints":{"allow":["GET"]}}],"collection":[{"href":"https:\/\/www.auragraph-paris.com\/en\/wp-json\/wp\/v2\/product"}],"about":[{"href":"https:\/\/www.auragraph-paris.com\/en\/wp-json\/wp\/v2\/types\/product"}],"wp:featuredmedia":[{"embeddable":true,"href":"https:\/\/www.auragraph-paris.com\/en\/wp-json\/wp\/v2\/media\/18378"}],"wp:attachment":[{"href":"https:\/\/www.auragraph-paris.com\/en\/wp-json\/wp\/v2\/media?parent=18377"}],"wp:term":[{"taxonomy":"collection","embeddable":true,"href":"https:\/\/www.auragraph-paris.com\/en\/wp-json\/wp\/v2\/collection?post=18377"},{"taxonomy":"product_brand","embeddable":true,"href":"https:\/\/www.auragraph-paris.com\/en\/wp-json\/wp\/v2\/product_brand?post=18377"},{"taxonomy":"product_cat","embeddable":true,"href":"https:\/\/www.auragraph-paris.com\/en\/wp-json\/wp\/v2\/product_cat?post=18377"},{"taxonomy":"product_tag","embeddable":true,"href":"https:\/\/www.auragraph-paris.com\/en\/wp-json\/wp\/v2\/product_tag?post=18377"}],"curies":[{"name":"wp","href":"https:\/\/api.w.org\/{rel}","templated":true}]}}